{"id":16,"date":"2023-05-25T11:46:56","date_gmt":"2023-05-25T09:46:56","guid":{"rendered":"http:\/\/hdfterredevelos.fr\/?page_id=16"},"modified":"2023-05-25T13:44:26","modified_gmt":"2023-05-25T11:44:26","slug":"patrimoine-industriel-regional","status":"publish","type":"page","link":"https:\/\/hdfterredevelos.fr\/index.php\/patrimoine-industriel-regional\/","title":{"rendered":"Patrimoine Industriel r\u00e9gional"},"content":{"rendered":"<style><\/style>\t\t<div data-elementor-type=\"wp-page\" data-elementor-id=\"16\" class=\"elementor elementor-16\" data-elementor-settings=\"{&quot;ha_cmc_init_switcher&quot;:&quot;no&quot;}\">\n\t\t\t\t\t\t<section class=\"elementor-section elementor-top-section elementor-element elementor-element-04204e9 elementor-section-boxed elementor-section-height-default elementor-section-height-default jltma-glass-effect-no\" data-id=\"04204e9\" data-element_type=\"section\" data-settings=\"{&quot;_ha_eqh_enable&quot;:false}\">\n\t\t\t\t\t\t<div class=\"elementor-container elementor-column-gap-default\">\n\t\t\t\t\t<div class=\"elementor-column elementor-col-100 elementor-top-column elementor-element elementor-element-4527ea1 jltma-glass-effect-no\" data-id=\"4527ea1\" data-element_type=\"column\">\n\t\t\t<div class=\"elementor-widget-wrap elementor-element-populated\">\n\t\t\t\t\t\t<div class=\"elementor-element elementor-element-89d64c9 jltma-glass-effect-no elementor-widget elementor-widget-text-editor\" data-id=\"89d64c9\" data-element_type=\"widget\" data-widget_type=\"text-editor.default\">\n\t\t\t\t<div class=\"elementor-widget-container\">\n\t\t\t\t\t\t\t\t\t<p style=\"color: #000000; font-family: 'Patrimoine Industriel du V\u00e9lo R\u00e9gional Dans les ann\u00e9es 1970, les grands constructeurs fran\u00e7ais poss\u00e9daient chacun une usine, \u00e9ventuellement deux, de quelques centaines d'ouvriers produisant plusieurs centaines de milliers de bicyclettes par an. La production nationale a d\u00e9pass\u00e9 les 2 millions d'unit\u00e9s aux meilleures ann\u00e9es. De nombreuses marques ont exist\u00e9 sur le march\u00e9. Un fabricant pouvait vendre sa production sous diff\u00e9rentes marques, qu\u2019elles lui appartiennent ou non (sous-traitance, marque blanche). Certaines bicyclettes ne portent pas le nom de leur fabricant mais celui de la marque commerciale du distributeur ou du d\u00e9taillant revendeur. \u00c0 quelques exceptions historiques pr\u00e8s, les fabricants de bicyclettes ne produisent pas eux-m\u00eames les pi\u00e8ces entrant dans la fabrication de leurs bicyclettes. Ces composants sont fabriqu\u00e9s par des entreprises sp\u00e9cialis\u00e9es appel\u00e9es fabricants d'\u00e9quipements ou \u00e9quipementiers du cycle. Parmi les fabricants de bicyclettes, on distingue les constructeurs, qui produisent leurs propres cadres (en fort d\u00e9clin en Europe depuis le milieu des ann\u00e9es 1990), et les assembleurs, qui montent des bicyclettes sur des cadres produits par d'autres. Nombre d\u2019entre eux \u00e9taient fabricants, grossistes et distributeurs exclusif de pi\u00e8ces. Tous les constructeurs des Hauts de France travaillaient ensemble et dans la convivialit\u00e9. A une \u00e9poque (jusque dans les ann\u00e9es 90) 100% des pi\u00e8ces pouvaient \u00eatre fabriqu\u00e9es en France. Nous avons fait le choix de retenir les principaux fabricants de notre r\u00e9gion, ceux ayant eu un rayonnement national et ayant vendu leurs productions au grand public. Notre travail ne s\u2019arr\u00eate \u00e9videmment pas l\u00e0 et nous poursuivons nos recherches afin de pouvoir disposer d\u2019une vision la plus exhaustive possible de notre patrimoine industriel cycliste.'; font-size: medium;\">Dans les ann\u00e9es 1970, les grands constructeurs fran\u00e7ais poss\u00e9daient chacun une usine, \u00e9ventuellement deux, de quelques centaines d&rsquo;ouvriers produisant plusieurs centaines de milliers de bicyclettes par an. La production nationale a d\u00e9pass\u00e9 les 2 millions d&rsquo;unit\u00e9s aux meilleures ann\u00e9es.<\/p><p style=\"color: #000000; font-family: 'Patrimoine Industriel du V\u00e9lo R\u00e9gional Dans les ann\u00e9es 1970, les grands constructeurs fran\u00e7ais poss\u00e9daient chacun une usine, \u00e9ventuellement deux, de quelques centaines d'ouvriers produisant plusieurs centaines de milliers de bicyclettes par an. La production nationale a d\u00e9pass\u00e9 les 2 millions d'unit\u00e9s aux meilleures ann\u00e9es. De nombreuses marques ont exist\u00e9 sur le march\u00e9. Un fabricant pouvait vendre sa production sous diff\u00e9rentes marques, qu\u2019elles lui appartiennent ou non (sous-traitance, marque blanche). Certaines bicyclettes ne portent pas le nom de leur fabricant mais celui de la marque commerciale du distributeur ou du d\u00e9taillant revendeur. \u00c0 quelques exceptions historiques pr\u00e8s, les fabricants de bicyclettes ne produisent pas eux-m\u00eames les pi\u00e8ces entrant dans la fabrication de leurs bicyclettes. Ces composants sont fabriqu\u00e9s par des entreprises sp\u00e9cialis\u00e9es appel\u00e9es fabricants d'\u00e9quipements ou \u00e9quipementiers du cycle. Parmi les fabricants de bicyclettes, on distingue les constructeurs, qui produisent leurs propres cadres (en fort d\u00e9clin en Europe depuis le milieu des ann\u00e9es 1990), et les assembleurs, qui montent des bicyclettes sur des cadres produits par d'autres. Nombre d\u2019entre eux \u00e9taient fabricants, grossistes et distributeurs exclusif de pi\u00e8ces. Tous les constructeurs des Hauts de France travaillaient ensemble et dans la convivialit\u00e9. A une \u00e9poque (jusque dans les ann\u00e9es 90) 100% des pi\u00e8ces pouvaient \u00eatre fabriqu\u00e9es en France. Nous avons fait le choix de retenir les principaux fabricants de notre r\u00e9gion, ceux ayant eu un rayonnement national et ayant vendu leurs productions au grand public. Notre travail ne s\u2019arr\u00eate \u00e9videmment pas l\u00e0 et nous poursuivons nos recherches afin de pouvoir disposer d\u2019une vision la plus exhaustive possible de notre patrimoine industriel cycliste.'; font-size: medium;\">De nombreuses marques ont exist\u00e9 sur le march\u00e9. Un fabricant pouvait vendre sa production sous diff\u00e9rentes marques, qu\u2019elles lui appartiennent ou non (sous-traitance, marque blanche). Certaines bicyclettes ne portent pas le nom de leur fabricant mais celui de la marque commerciale du distributeur ou du d\u00e9taillant revendeur.<\/p><p style=\"color: #000000; font-family: 'Patrimoine Industriel du V\u00e9lo R\u00e9gional Dans les ann\u00e9es 1970, les grands constructeurs fran\u00e7ais poss\u00e9daient chacun une usine, \u00e9ventuellement deux, de quelques centaines d'ouvriers produisant plusieurs centaines de milliers de bicyclettes par an. La production nationale a d\u00e9pass\u00e9 les 2 millions d'unit\u00e9s aux meilleures ann\u00e9es. De nombreuses marques ont exist\u00e9 sur le march\u00e9. Un fabricant pouvait vendre sa production sous diff\u00e9rentes marques, qu\u2019elles lui appartiennent ou non (sous-traitance, marque blanche). Certaines bicyclettes ne portent pas le nom de leur fabricant mais celui de la marque commerciale du distributeur ou du d\u00e9taillant revendeur. \u00c0 quelques exceptions historiques pr\u00e8s, les fabricants de bicyclettes ne produisent pas eux-m\u00eames les pi\u00e8ces entrant dans la fabrication de leurs bicyclettes. Ces composants sont fabriqu\u00e9s par des entreprises sp\u00e9cialis\u00e9es appel\u00e9es fabricants d'\u00e9quipements ou \u00e9quipementiers du cycle. Parmi les fabricants de bicyclettes, on distingue les constructeurs, qui produisent leurs propres cadres (en fort d\u00e9clin en Europe depuis le milieu des ann\u00e9es 1990), et les assembleurs, qui montent des bicyclettes sur des cadres produits par d'autres. Nombre d\u2019entre eux \u00e9taient fabricants, grossistes et distributeurs exclusif de pi\u00e8ces. Tous les constructeurs des Hauts de France travaillaient ensemble et dans la convivialit\u00e9. A une \u00e9poque (jusque dans les ann\u00e9es 90) 100% des pi\u00e8ces pouvaient \u00eatre fabriqu\u00e9es en France. Nous avons fait le choix de retenir les principaux fabricants de notre r\u00e9gion, ceux ayant eu un rayonnement national et ayant vendu leurs productions au grand public. Notre travail ne s\u2019arr\u00eate \u00e9videmment pas l\u00e0 et nous poursuivons nos recherches afin de pouvoir disposer d\u2019une vision la plus exhaustive possible de notre patrimoine industriel cycliste.'; font-size: medium;\">\u00c0 quelques exceptions historiques pr\u00e8s, les fabricants de bicyclettes ne produisent pas eux-m\u00eames les pi\u00e8ces entrant dans la fabrication de leurs bicyclettes.<\/p><p style=\"color: #000000; font-family: 'Patrimoine Industriel du V\u00e9lo R\u00e9gional Dans les ann\u00e9es 1970, les grands constructeurs fran\u00e7ais poss\u00e9daient chacun une usine, \u00e9ventuellement deux, de quelques centaines d'ouvriers produisant plusieurs centaines de milliers de bicyclettes par an. La production nationale a d\u00e9pass\u00e9 les 2 millions d'unit\u00e9s aux meilleures ann\u00e9es. De nombreuses marques ont exist\u00e9 sur le march\u00e9. Un fabricant pouvait vendre sa production sous diff\u00e9rentes marques, qu\u2019elles lui appartiennent ou non (sous-traitance, marque blanche). Certaines bicyclettes ne portent pas le nom de leur fabricant mais celui de la marque commerciale du distributeur ou du d\u00e9taillant revendeur. \u00c0 quelques exceptions historiques pr\u00e8s, les fabricants de bicyclettes ne produisent pas eux-m\u00eames les pi\u00e8ces entrant dans la fabrication de leurs bicyclettes. Ces composants sont fabriqu\u00e9s par des entreprises sp\u00e9cialis\u00e9es appel\u00e9es fabricants d'\u00e9quipements ou \u00e9quipementiers du cycle. Parmi les fabricants de bicyclettes, on distingue les constructeurs, qui produisent leurs propres cadres (en fort d\u00e9clin en Europe depuis le milieu des ann\u00e9es 1990), et les assembleurs, qui montent des bicyclettes sur des cadres produits par d'autres. Nombre d\u2019entre eux \u00e9taient fabricants, grossistes et distributeurs exclusif de pi\u00e8ces. Tous les constructeurs des Hauts de France travaillaient ensemble et dans la convivialit\u00e9. A une \u00e9poque (jusque dans les ann\u00e9es 90) 100% des pi\u00e8ces pouvaient \u00eatre fabriqu\u00e9es en France. Nous avons fait le choix de retenir les principaux fabricants de notre r\u00e9gion, ceux ayant eu un rayonnement national et ayant vendu leurs productions au grand public. Notre travail ne s\u2019arr\u00eate \u00e9videmment pas l\u00e0 et nous poursuivons nos recherches afin de pouvoir disposer d\u2019une vision la plus exhaustive possible de notre patrimoine industriel cycliste.'; font-size: medium;\">Ces composants sont fabriqu\u00e9s par des entreprises sp\u00e9cialis\u00e9es appel\u00e9es fabricants d&rsquo;\u00e9quipements ou \u00e9quipementiers du cycle. Parmi les fabricants de bicyclettes, on distingue les constructeurs, qui produisent leurs propres cadres (en fort d\u00e9clin en Europe depuis le milieu des ann\u00e9es 1990), et les assembleurs, qui montent des bicyclettes sur des cadres produits par d&rsquo;autres. Nombre d\u2019entre eux \u00e9taient fabricants, grossistes et distributeurs exclusif de pi\u00e8ces.<\/p><p style=\"color: #000000; font-family: 'Patrimoine Industriel du V\u00e9lo R\u00e9gional Dans les ann\u00e9es 1970, les grands constructeurs fran\u00e7ais poss\u00e9daient chacun une usine, \u00e9ventuellement deux, de quelques centaines d'ouvriers produisant plusieurs centaines de milliers de bicyclettes par an. La production nationale a d\u00e9pass\u00e9 les 2 millions d'unit\u00e9s aux meilleures ann\u00e9es. De nombreuses marques ont exist\u00e9 sur le march\u00e9. Un fabricant pouvait vendre sa production sous diff\u00e9rentes marques, qu\u2019elles lui appartiennent ou non (sous-traitance, marque blanche). Certaines bicyclettes ne portent pas le nom de leur fabricant mais celui de la marque commerciale du distributeur ou du d\u00e9taillant revendeur. \u00c0 quelques exceptions historiques pr\u00e8s, les fabricants de bicyclettes ne produisent pas eux-m\u00eames les pi\u00e8ces entrant dans la fabrication de leurs bicyclettes. Ces composants sont fabriqu\u00e9s par des entreprises sp\u00e9cialis\u00e9es appel\u00e9es fabricants d'\u00e9quipements ou \u00e9quipementiers du cycle. Parmi les fabricants de bicyclettes, on distingue les constructeurs, qui produisent leurs propres cadres (en fort d\u00e9clin en Europe depuis le milieu des ann\u00e9es 1990), et les assembleurs, qui montent des bicyclettes sur des cadres produits par d'autres. Nombre d\u2019entre eux \u00e9taient fabricants, grossistes et distributeurs exclusif de pi\u00e8ces. Tous les constructeurs des Hauts de France travaillaient ensemble et dans la convivialit\u00e9. A une \u00e9poque (jusque dans les ann\u00e9es 90) 100% des pi\u00e8ces pouvaient \u00eatre fabriqu\u00e9es en France. Nous avons fait le choix de retenir les principaux fabricants de notre r\u00e9gion, ceux ayant eu un rayonnement national et ayant vendu leurs productions au grand public. Notre travail ne s\u2019arr\u00eate \u00e9videmment pas l\u00e0 et nous poursuivons nos recherches afin de pouvoir disposer d\u2019une vision la plus exhaustive possible de notre patrimoine industriel cycliste.'; font-size: medium;\">Tous les constructeurs des Hauts de France travaillaient ensemble et dans la convivialit\u00e9.<\/p><p style=\"color: #000000; font-family: 'Patrimoine Industriel du V\u00e9lo R\u00e9gional Dans les ann\u00e9es 1970, les grands constructeurs fran\u00e7ais poss\u00e9daient chacun une usine, \u00e9ventuellement deux, de quelques centaines d'ouvriers produisant plusieurs centaines de milliers de bicyclettes par an. La production nationale a d\u00e9pass\u00e9 les 2 millions d'unit\u00e9s aux meilleures ann\u00e9es. De nombreuses marques ont exist\u00e9 sur le march\u00e9. Un fabricant pouvait vendre sa production sous diff\u00e9rentes marques, qu\u2019elles lui appartiennent ou non (sous-traitance, marque blanche). Certaines bicyclettes ne portent pas le nom de leur fabricant mais celui de la marque commerciale du distributeur ou du d\u00e9taillant revendeur. \u00c0 quelques exceptions historiques pr\u00e8s, les fabricants de bicyclettes ne produisent pas eux-m\u00eames les pi\u00e8ces entrant dans la fabrication de leurs bicyclettes. Ces composants sont fabriqu\u00e9s par des entreprises sp\u00e9cialis\u00e9es appel\u00e9es fabricants d'\u00e9quipements ou \u00e9quipementiers du cycle. Parmi les fabricants de bicyclettes, on distingue les constructeurs, qui produisent leurs propres cadres (en fort d\u00e9clin en Europe depuis le milieu des ann\u00e9es 1990), et les assembleurs, qui montent des bicyclettes sur des cadres produits par d'autres. Nombre d\u2019entre eux \u00e9taient fabricants, grossistes et distributeurs exclusif de pi\u00e8ces. Tous les constructeurs des Hauts de France travaillaient ensemble et dans la convivialit\u00e9. A une \u00e9poque (jusque dans les ann\u00e9es 90) 100% des pi\u00e8ces pouvaient \u00eatre fabriqu\u00e9es en France. Nous avons fait le choix de retenir les principaux fabricants de notre r\u00e9gion, ceux ayant eu un rayonnement national et ayant vendu leurs productions au grand public. Notre travail ne s\u2019arr\u00eate \u00e9videmment pas l\u00e0 et nous poursuivons nos recherches afin de pouvoir disposer d\u2019une vision la plus exhaustive possible de notre patrimoine industriel cycliste.'; font-size: medium;\">A une \u00e9poque (jusque dans les ann\u00e9es 90) 100% des pi\u00e8ces pouvaient \u00eatre fabriqu\u00e9es en France.<\/p><p style=\"color: #000000; font-family: 'Patrimoine Industriel du V\u00e9lo R\u00e9gional Dans les ann\u00e9es 1970, les grands constructeurs fran\u00e7ais poss\u00e9daient chacun une usine, \u00e9ventuellement deux, de quelques centaines d'ouvriers produisant plusieurs centaines de milliers de bicyclettes par an. La production nationale a d\u00e9pass\u00e9 les 2 millions d'unit\u00e9s aux meilleures ann\u00e9es. De nombreuses marques ont exist\u00e9 sur le march\u00e9. Un fabricant pouvait vendre sa production sous diff\u00e9rentes marques, qu\u2019elles lui appartiennent ou non (sous-traitance, marque blanche). Certaines bicyclettes ne portent pas le nom de leur fabricant mais celui de la marque commerciale du distributeur ou du d\u00e9taillant revendeur. \u00c0 quelques exceptions historiques pr\u00e8s, les fabricants de bicyclettes ne produisent pas eux-m\u00eames les pi\u00e8ces entrant dans la fabrication de leurs bicyclettes. Ces composants sont fabriqu\u00e9s par des entreprises sp\u00e9cialis\u00e9es appel\u00e9es fabricants d'\u00e9quipements ou \u00e9quipementiers du cycle. Parmi les fabricants de bicyclettes, on distingue les constructeurs, qui produisent leurs propres cadres (en fort d\u00e9clin en Europe depuis le milieu des ann\u00e9es 1990), et les assembleurs, qui montent des bicyclettes sur des cadres produits par d'autres. Nombre d\u2019entre eux \u00e9taient fabricants, grossistes et distributeurs exclusif de pi\u00e8ces. Tous les constructeurs des Hauts de France travaillaient ensemble et dans la convivialit\u00e9. A une \u00e9poque (jusque dans les ann\u00e9es 90) 100% des pi\u00e8ces pouvaient \u00eatre fabriqu\u00e9es en France. Nous avons fait le choix de retenir les principaux fabricants de notre r\u00e9gion, ceux ayant eu un rayonnement national et ayant vendu leurs productions au grand public. Notre travail ne s\u2019arr\u00eate \u00e9videmment pas l\u00e0 et nous poursuivons nos recherches afin de pouvoir disposer d\u2019une vision la plus exhaustive possible de notre patrimoine industriel cycliste.'; font-size: medium;\">Nous avons fait le choix de retenir les principaux fabricants de notre r\u00e9gion, ceux ayant eu un rayonnement national et ayant vendu leurs productions au grand public.<\/p><p style=\"color: #000000; font-family: 'Patrimoine Industriel du V\u00e9lo R\u00e9gional Dans les ann\u00e9es 1970, les grands constructeurs fran\u00e7ais poss\u00e9daient chacun une usine, \u00e9ventuellement deux, de quelques centaines d'ouvriers produisant plusieurs centaines de milliers de bicyclettes par an. La production nationale a d\u00e9pass\u00e9 les 2 millions d'unit\u00e9s aux meilleures ann\u00e9es. De nombreuses marques ont exist\u00e9 sur le march\u00e9. Un fabricant pouvait vendre sa production sous diff\u00e9rentes marques, qu\u2019elles lui appartiennent ou non (sous-traitance, marque blanche). Certaines bicyclettes ne portent pas le nom de leur fabricant mais celui de la marque commerciale du distributeur ou du d\u00e9taillant revendeur. \u00c0 quelques exceptions historiques pr\u00e8s, les fabricants de bicyclettes ne produisent pas eux-m\u00eames les pi\u00e8ces entrant dans la fabrication de leurs bicyclettes. Ces composants sont fabriqu\u00e9s par des entreprises sp\u00e9cialis\u00e9es appel\u00e9es fabricants d'\u00e9quipements ou \u00e9quipementiers du cycle. Parmi les fabricants de bicyclettes, on distingue les constructeurs, qui produisent leurs propres cadres (en fort d\u00e9clin en Europe depuis le milieu des ann\u00e9es 1990), et les assembleurs, qui montent des bicyclettes sur des cadres produits par d'autres. Nombre d\u2019entre eux \u00e9taient fabricants, grossistes et distributeurs exclusif de pi\u00e8ces. Tous les constructeurs des Hauts de France travaillaient ensemble et dans la convivialit\u00e9. A une \u00e9poque (jusque dans les ann\u00e9es 90) 100% des pi\u00e8ces pouvaient \u00eatre fabriqu\u00e9es en France. Nous avons fait le choix de retenir les principaux fabricants de notre r\u00e9gion, ceux ayant eu un rayonnement national et ayant vendu leurs productions au grand public. Notre travail ne s\u2019arr\u00eate \u00e9videmment pas l\u00e0 et nous poursuivons nos recherches afin de pouvoir disposer d\u2019une vision la plus exhaustive possible de notre patrimoine industriel cycliste.'; font-size: medium;\">Notre travail ne s\u2019arr\u00eate \u00e9videmment pas l\u00e0 et nous poursuivons nos recherches afin de pouvoir disposer d\u2019une vision la plus exhaustive possible de notre patrimoine industriel cycliste.<\/p>\t\t\t\t\t\t\t\t<\/div>\n\t\t\t\t<\/div>\n\t\t\t\t\t<\/div>\n\t\t<\/div>\n\t\t\t\t\t<\/div>\n\t\t<\/section>\n\t\t\t\t<\/div>\n\t\t","protected":false},"excerpt":{"rendered":"<p>Dans les ann\u00e9es 1970, les grands constructeurs fran\u00e7ais poss\u00e9daient chacun une usine, \u00e9ventuellement deux, de quelques centaines d&rsquo;ouvriers produisant plusieurs centaines de milliers de bicyclettes par an. La production nationale a d\u00e9pass\u00e9 les 2 millions d&rsquo;unit\u00e9s aux meilleures ann\u00e9es. De nombreuses marques ont exist\u00e9 sur le march\u00e9. Un fabricant pouvait vendre sa production sous diff\u00e9rentes [&hellip;]<\/p>\n","protected":false},"author":1,"featured_media":0,"parent":0,"menu_order":0,"comment_status":"closed","ping_status":"closed","template":"","meta":{"om_disable_all_campaigns":false,"_monsterinsights_skip_tracking":false,"_monsterinsights_sitenote_active":false,"_monsterinsights_sitenote_note":"","_monsterinsights_sitenote_category":0,"footnotes":""},"class_list":["post-16","page","type-page","status-publish","hentry"],"aioseo_notices":[],"_links":{"self":[{"href":"https:\/\/hdfterredevelos.fr\/index.php\/wp-json\/wp\/v2\/pages\/16","targetHints":{"allow":["GET"]}}],"collection":[{"href":"https:\/\/hdfterredevelos.fr\/index.php\/wp-json\/wp\/v2\/pages"}],"about":[{"href":"https:\/\/hdfterredevelos.fr\/index.php\/wp-json\/wp\/v2\/types\/page"}],"author":[{"embeddable":true,"href":"https:\/\/hdfterredevelos.fr\/index.php\/wp-json\/wp\/v2\/users\/1"}],"replies":[{"embeddable":true,"href":"https:\/\/hdfterredevelos.fr\/index.php\/wp-json\/wp\/v2\/comments?post=16"}],"version-history":[{"count":7,"href":"https:\/\/hdfterredevelos.fr\/index.php\/wp-json\/wp\/v2\/pages\/16\/revisions"}],"predecessor-version":[{"id":222,"href":"https:\/\/hdfterredevelos.fr\/index.php\/wp-json\/wp\/v2\/pages\/16\/revisions\/222"}],"wp:attachment":[{"href":"https:\/\/hdfterredevelos.fr\/index.php\/wp-json\/wp\/v2\/media?parent=16"}],"curies":[{"name":"wp","href":"https:\/\/api.w.org\/{rel}","templated":true}]}}