{"id":18,"date":"2023-05-25T11:46:56","date_gmt":"2023-05-25T09:46:56","guid":{"rendered":"http:\/\/hdfterredevelos.fr\/?page_id=18"},"modified":"2026-03-27T14:03:05","modified_gmt":"2026-03-27T13:03:05","slug":"boutique","status":"publish","type":"page","link":"https:\/\/hdfterredevelos.fr\/index.php\/boutique\/","title":{"rendered":"Boutique"},"content":{"rendered":"<style><\/style>\t\t<div data-elementor-type=\"wp-page\" data-elementor-id=\"18\" class=\"elementor elementor-18\" data-elementor-settings=\"{&quot;ha_cmc_init_switcher&quot;:&quot;no&quot;}\">\n\t\t\t\t\t\t<section class=\"elementor-section elementor-top-section elementor-element elementor-element-83b1b8a elementor-section-boxed elementor-section-height-default elementor-section-height-default jltma-glass-effect-no\" data-id=\"83b1b8a\" data-element_type=\"section\" data-settings=\"{&quot;_ha_eqh_enable&quot;:false}\">\n\t\t\t\t\t\t<div class=\"elementor-container elementor-column-gap-default\">\n\t\t\t\t\t<div class=\"elementor-column elementor-col-50 elementor-top-column elementor-element elementor-element-4e75b38 jltma-glass-effect-no\" data-id=\"4e75b38\" data-element_type=\"column\">\n\t\t\t<div class=\"elementor-widget-wrap elementor-element-populated\">\n\t\t\t\t\t\t<div class=\"elementor-element elementor-element-6562c51 jltma-glass-effect-no elementor-widget elementor-widget-text-editor\" data-id=\"6562c51\" data-element_type=\"widget\" data-widget_type=\"text-editor.default\">\n\t\t\t\t<div class=\"elementor-widget-container\">\n\t\t\t\t\t\t\t\t\t<p>Maillot Ch&rsquo;ti V\u00e9lo R\u00e9tro.<\/p><p>Prix 57.00 Euros pour les non adh\u00e9rents, 53.00 pour les adh\u00e9rents<\/p><p>guide des tailles et bon de commande \u00e0 demander \u00e0 c.leleu@wanadoo.fr<\/p>\t\t\t\t\t\t\t\t<\/div>\n\t\t\t\t<\/div>\n\t\t\t\t\t<\/div>\n\t\t<\/div>\n\t\t\t\t<div class=\"elementor-column elementor-col-50 elementor-top-column elementor-element elementor-element-a1f1f00 jltma-glass-effect-no\" data-id=\"a1f1f00\" data-element_type=\"column\">\n\t\t\t<div class=\"elementor-widget-wrap elementor-element-populated\">\n\t\t\t\t\t\t<div class=\"elementor-element elementor-element-9268614 jltma-glass-effect-no elementor-widget elementor-widget-image\" data-id=\"9268614\" data-element_type=\"widget\" data-widget_type=\"image.default\">\n\t\t\t\t<div class=\"elementor-widget-container\">\n\t\t\t\t\t\t\t\t\t\t\t\t\t\t\t<img decoding=\"async\" src=\"http:\/\/hdfterredevelos.fr\/wp-content\/uploads\/2026\/03\/maquette-maillot.jpg\" title=\"\" alt=\"\" loading=\"lazy\" \/>\t\t\t\t\t\t\t\t\t\t\t\t\t\t\t<\/div>\n\t\t\t\t<\/div>\n\t\t\t\t\t<\/div>\n\t\t<\/div>\n\t\t\t\t\t<\/div>\n\t\t<\/section>\n\t\t\t\t<section class=\"elementor-section elementor-top-section elementor-element elementor-element-e23a69b elementor-section-boxed elementor-section-height-default elementor-section-height-default jltma-glass-effect-no\" data-id=\"e23a69b\" data-element_type=\"section\" data-settings=\"{&quot;_ha_eqh_enable&quot;:false}\">\n\t\t\t\t\t\t<div class=\"elementor-container elementor-column-gap-default\">\n\t\t\t\t\t<div class=\"elementor-column elementor-col-50 elementor-top-column elementor-element elementor-element-5c54de7 jltma-glass-effect-no\" data-id=\"5c54de7\" data-element_type=\"column\">\n\t\t\t<div class=\"elementor-widget-wrap elementor-element-populated\">\n\t\t\t\t\t\t<div class=\"elementor-element elementor-element-79dcd49 jltma-glass-effect-no elementor-widget elementor-widget-text-editor\" data-id=\"79dcd49\" data-element_type=\"widget\" data-widget_type=\"text-editor.default\">\n\t\t\t\t<div class=\"elementor-widget-container\">\n\t\t\t\t\t\t\t\t\t<p>Bidons sigl\u00e9 Hauts de France Terre de V\u00e9los.<\/p><p>Prix vente : 4 Euros pour les adh\u00e9rents,\u00a0 5 Euros pour les non adh\u00e9rents<\/p><div aria-hidden=\"true\">Commande \u00e0 c.leleu@wanadoo.fr<\/div>\t\t\t\t\t\t\t\t<\/div>\n\t\t\t\t<\/div>\n\t\t\t\t\t<\/div>\n\t\t<\/div>\n\t\t\t\t<div class=\"elementor-column elementor-col-50 elementor-top-column elementor-element elementor-element-63a80f3 jltma-glass-effect-no\" data-id=\"63a80f3\" data-element_type=\"column\">\n\t\t\t<div class=\"elementor-widget-wrap elementor-element-populated\">\n\t\t\t\t\t\t<div class=\"elementor-element elementor-element-dba1adc jltma-glass-effect-no elementor-widget elementor-widget-image\" data-id=\"dba1adc\" data-element_type=\"widget\" data-widget_type=\"image.default\">\n\t\t\t\t<div class=\"elementor-widget-container\">\n\t\t\t\t\t\t\t\t\t\t\t\t\t\t\t<img decoding=\"async\" width=\"116\" height=\"300\" src=\"https:\/\/hdfterredevelos.fr\/wp-content\/uploads\/2026\/03\/IMG-20230310-WA0002-116x300.jpg\" class=\"attachment-medium size-medium wp-image-3015\" alt=\"\" srcset=\"https:\/\/hdfterredevelos.fr\/wp-content\/uploads\/2026\/03\/IMG-20230310-WA0002-116x300.jpg 116w, https:\/\/hdfterredevelos.fr\/wp-content\/uploads\/2026\/03\/IMG-20230310-WA0002-396x1024.jpg 396w, https:\/\/hdfterredevelos.fr\/wp-content\/uploads\/2026\/03\/IMG-20230310-WA0002-768x1986.jpg 768w, https:\/\/hdfterredevelos.fr\/wp-content\/uploads\/2026\/03\/IMG-20230310-WA0002-594x1536.jpg 594w, https:\/\/hdfterredevelos.fr\/wp-content\/uploads\/2026\/03\/IMG-20230310-WA0002.jpg 792w\" sizes=\"(max-width: 116px) 100vw, 116px\" \/>\t\t\t\t\t\t\t\t\t\t\t\t\t\t\t<\/div>\n\t\t\t\t<\/div>\n\t\t\t\t\t<\/div>\n\t\t<\/div>\n\t\t\t\t\t<\/div>\n\t\t<\/section>\n\t\t\t\t<\/div>\n\t\t","protected":false},"excerpt":{"rendered":"<p>Maillot Ch&rsquo;ti V\u00e9lo R\u00e9tro. Prix 57.00 Euros pour les non adh\u00e9rents, 53.00 pour les adh\u00e9rents guide des tailles et bon de commande \u00e0 demander \u00e0 c.leleu@wanadoo.fr Bidons sigl\u00e9 Hauts de France Terre de V\u00e9los. Prix vente : 4 Euros pour les adh\u00e9rents,\u00a0 5 Euros pour les non adh\u00e9rents Commande \u00e0 c.leleu@wanadoo.fr<\/p>\n","protected":false},"author":1,"featured_media":0,"parent":0,"menu_order":0,"comment_status":"closed","ping_status":"closed","template":"","meta":{"om_disable_all_campaigns":false,"_monsterinsights_skip_tracking":false,"_monsterinsights_sitenote_active":false,"_monsterinsights_sitenote_note":"","_monsterinsights_sitenote_category":0,"footnotes":""},"class_list":["post-18","page","type-page","status-publish","hentry"],"aioseo_notices":[],"_links":{"self":[{"href":"https:\/\/hdfterredevelos.fr\/index.php\/wp-json\/wp\/v2\/pages\/18","targetHints":{"allow":["GET"]}}],"collection":[{"href":"https:\/\/hdfterredevelos.fr\/index.php\/wp-json\/wp\/v2\/pages"}],"about":[{"href":"https:\/\/hdfterredevelos.fr\/index.php\/wp-json\/wp\/v2\/types\/page"}],"author":[{"embeddable":true,"href":"https:\/\/hdfterredevelos.fr\/index.php\/wp-json\/wp\/v2\/users\/1"}],"replies":[{"embeddable":true,"href":"https:\/\/hdfterredevelos.fr\/index.php\/wp-json\/wp\/v2\/comments?post=18"}],"version-history":[{"count":25,"href":"https:\/\/hdfterredevelos.fr\/index.php\/wp-json\/wp\/v2\/pages\/18\/revisions"}],"predecessor-version":[{"id":3023,"href":"https:\/\/hdfterredevelos.fr\/index.php\/wp-json\/wp\/v2\/pages\/18\/revisions\/3023"}],"wp:attachment":[{"href":"https:\/\/hdfterredevelos.fr\/index.php\/wp-json\/wp\/v2\/media?parent=18"}],"curies":[{"name":"wp","href":"https:\/\/api.w.org\/{rel}","templated":true}]}}