{"id":2227,"date":"2024-10-05T07:44:22","date_gmt":"2024-10-05T05:44:22","guid":{"rendered":"http:\/\/hdfterredevelos.fr\/?page_id=2227"},"modified":"2025-10-10T06:54:36","modified_gmt":"2025-10-10T04:54:36","slug":"video-chti-velo-retro-2024-2","status":"publish","type":"page","link":"https:\/\/hdfterredevelos.fr\/index.php\/video-chti-velo-retro-2024-2\/","title":{"rendered":"Vid\u00e9o Ch&rsquo;ti V\u00e9lo R\u00e9tro 2024"},"content":{"rendered":"<style>.elementor-2227 .elementor-element.elementor-element-56a0af8 .elementor-wrapper{--video-aspect-ratio:1.77777;}<\/style>\t\t<div data-elementor-type=\"wp-page\" data-elementor-id=\"2227\" class=\"elementor elementor-2227\" data-elementor-settings=\"{&quot;ha_cmc_init_switcher&quot;:&quot;no&quot;}\">\n\t\t\t\t\t\t<section class=\"elementor-section elementor-top-section elementor-element elementor-element-0890500 elementor-section-boxed elementor-section-height-default elementor-section-height-default jltma-glass-effect-no\" data-id=\"0890500\" data-element_type=\"section\" data-settings=\"{&quot;_ha_eqh_enable&quot;:false}\">\n\t\t\t\t\t\t<div class=\"elementor-container elementor-column-gap-default\">\n\t\t\t\t\t<div class=\"elementor-column elementor-col-100 elementor-top-column elementor-element elementor-element-521975a jltma-glass-effect-no\" data-id=\"521975a\" data-element_type=\"column\">\n\t\t\t<div class=\"elementor-widget-wrap\">\n\t\t\t\t\t\t\t<\/div>\n\t\t<\/div>\n\t\t\t\t\t<\/div>\n\t\t<\/section>\n\t\t\t\t<section class=\"elementor-section elementor-top-section elementor-element elementor-element-47206c1 elementor-section-boxed elementor-section-height-default elementor-section-height-default jltma-glass-effect-no\" data-id=\"47206c1\" data-element_type=\"section\" data-settings=\"{&quot;_ha_eqh_enable&quot;:false}\">\n\t\t\t\t\t\t<div class=\"elementor-container elementor-column-gap-default\">\n\t\t\t\t\t<div class=\"elementor-column elementor-col-100 elementor-top-column elementor-element elementor-element-25d7d8c jltma-glass-effect-no\" data-id=\"25d7d8c\" data-element_type=\"column\">\n\t\t\t<div class=\"elementor-widget-wrap elementor-element-populated\">\n\t\t\t\t\t\t<div class=\"elementor-element elementor-element-56a0af8 jltma-glass-effect-no elementor-widget elementor-widget-video\" data-id=\"56a0af8\" data-element_type=\"widget\" data-settings=\"{&quot;youtube_url&quot;:&quot;https:\\\/\\\/youtu.be\\\/tmZmQolAS0w&quot;,&quot;video_type&quot;:&quot;youtube&quot;,&quot;controls&quot;:&quot;yes&quot;}\" data-widget_type=\"video.default\">\n\t\t\t\t<div class=\"elementor-widget-container\">\n\t\t\t\t\t\t\t<div class=\"elementor-wrapper elementor-open-inline\">\n\t\t\t<div class=\"elementor-video\"><\/div>\t\t<\/div>\n\t\t\t\t\t\t<\/div>\n\t\t\t\t<\/div>\n\t\t\t\t\t<\/div>\n\t\t<\/div>\n\t\t\t\t\t<\/div>\n\t\t<\/section>\n\t\t\t\t<\/div>\n\t\t","protected":false},"excerpt":{"rendered":"","protected":false},"author":1,"featured_media":0,"parent":0,"menu_order":0,"comment_status":"closed","ping_status":"closed","template":"","meta":{"om_disable_all_campaigns":false,"_monsterinsights_skip_tracking":false,"_monsterinsights_sitenote_active":false,"_monsterinsights_sitenote_note":"","_monsterinsights_sitenote_category":0,"footnotes":""},"class_list":["post-2227","page","type-page","status-publish","hentry"],"aioseo_notices":[],"_links":{"self":[{"href":"https:\/\/hdfterredevelos.fr\/index.php\/wp-json\/wp\/v2\/pages\/2227","targetHints":{"allow":["GET"]}}],"collection":[{"href":"https:\/\/hdfterredevelos.fr\/index.php\/wp-json\/wp\/v2\/pages"}],"about":[{"href":"https:\/\/hdfterredevelos.fr\/index.php\/wp-json\/wp\/v2\/types\/page"}],"author":[{"embeddable":true,"href":"https:\/\/hdfterredevelos.fr\/index.php\/wp-json\/wp\/v2\/users\/1"}],"replies":[{"embeddable":true,"href":"https:\/\/hdfterredevelos.fr\/index.php\/wp-json\/wp\/v2\/comments?post=2227"}],"version-history":[{"count":10,"href":"https:\/\/hdfterredevelos.fr\/index.php\/wp-json\/wp\/v2\/pages\/2227\/revisions"}],"predecessor-version":[{"id":2864,"href":"https:\/\/hdfterredevelos.fr\/index.php\/wp-json\/wp\/v2\/pages\/2227\/revisions\/2864"}],"wp:attachment":[{"href":"https:\/\/hdfterredevelos.fr\/index.php\/wp-json\/wp\/v2\/media?parent=2227"}],"curies":[{"name":"wp","href":"https:\/\/api.w.org\/{rel}","templated":true}]}}