{"id":2934,"date":"2026-01-09T09:41:36","date_gmt":"2026-01-09T08:41:36","guid":{"rendered":"https:\/\/hdfterredevelos.fr\/?page_id=2934"},"modified":"2026-03-19T08:49:08","modified_gmt":"2026-03-19T07:49:08","slug":"chti-velo-retro-2026","status":"publish","type":"page","link":"https:\/\/hdfterredevelos.fr\/index.php\/chti-velo-retro-2026\/","title":{"rendered":"Ch&rsquo;ti V\u00e9lo R\u00e9tro 2026"},"content":{"rendered":"<style><\/style>\t\t<div data-elementor-type=\"wp-page\" data-elementor-id=\"2934\" class=\"elementor elementor-2934\" data-elementor-settings=\"{&quot;ha_cmc_init_switcher&quot;:&quot;no&quot;}\">\n\t\t\t\t\t\t<section class=\"elementor-section elementor-top-section elementor-element elementor-element-a336062 elementor-section-boxed elementor-section-height-default elementor-section-height-default jltma-glass-effect-no\" data-id=\"a336062\" data-element_type=\"section\" data-settings=\"{&quot;_ha_eqh_enable&quot;:false}\">\n\t\t\t\t\t\t<div class=\"elementor-container elementor-column-gap-default\">\n\t\t\t\t\t<div class=\"elementor-column elementor-col-100 elementor-top-column elementor-element elementor-element-55f2603 jltma-glass-effect-no\" data-id=\"55f2603\" data-element_type=\"column\">\n\t\t\t<div class=\"elementor-widget-wrap elementor-element-populated\">\n\t\t\t\t\t\t<div class=\"elementor-element elementor-element-2535f3e jltma-glass-effect-no elementor-widget elementor-widget-text-editor\" data-id=\"2535f3e\" data-element_type=\"widget\" data-widget_type=\"text-editor.default\">\n\t\t\t\t<div class=\"elementor-widget-container\">\n\t\t\t\t\t\t\t\t\t<p><br \/>Notre \u00e9dition 2026 rendra hommage \u00e0 un grand champion r\u00e9gional et national Jean Stablinski.<br \/>2 parcours seront propos\u00e9s<br \/>&#8211; 30kms<br \/>&#8211; 50 kms<br \/>Sur le 50kms, nous proposerons en option par une d\u00e9viation sp\u00e9cifique quelques pav\u00e9s de Paris Roubaix (Moulin de Vertain, une partie du Carrefour de l&rsquo;Arbre, pav\u00e9 de Gruson).<br \/>Tous les parcours emprunteront les routes asphalt\u00e9es jusqu&rsquo;\u00e0 Roubaix et se retrouveront au Mus\u00e9e de Paris Roubaix et au v\u00e9lodrome historique avant un retour sur Forest sur Marque o\u00f9 une exposition et une ambiance musicale seront propos\u00e9es.<br \/>Les inscriptions en ligne sont ouvertes<br \/>&#8211; 5 Euros pour les adh\u00e9rents \u00e0 l&rsquo;association<br \/>-7 Euros pour les non adh\u00e9rents.<br \/><br \/><\/p>\t\t\t\t\t\t\t\t<\/div>\n\t\t\t\t<\/div>\n\t\t\t\t\t<\/div>\n\t\t<\/div>\n\t\t\t\t\t<\/div>\n\t\t<\/section>\n\t\t\t\t<section class=\"elementor-section elementor-top-section elementor-element elementor-element-f00840c elementor-section-boxed elementor-section-height-default elementor-section-height-default jltma-glass-effect-no\" data-id=\"f00840c\" data-element_type=\"section\" data-settings=\"{&quot;_ha_eqh_enable&quot;:false}\">\n\t\t\t\t\t\t<div class=\"elementor-container elementor-column-gap-default\">\n\t\t\t\t\t<div class=\"elementor-column elementor-col-100 elementor-top-column elementor-element elementor-element-5d8aeb2 jltma-glass-effect-no\" data-id=\"5d8aeb2\" data-element_type=\"column\">\n\t\t\t<div class=\"elementor-widget-wrap elementor-element-populated\">\n\t\t\t\t\t\t<div class=\"elementor-element elementor-element-e16768a jltma-glass-effect-no elementor-widget elementor-widget-text-editor\" data-id=\"e16768a\" data-element_type=\"widget\" data-widget_type=\"text-editor.default\">\n\t\t\t\t<div class=\"elementor-widget-container\">\n\t\t\t\t\t\t\t\t\t<p>Inscription \u00e0 la Ch&rsquo;ti V\u00e9lo R\u00e9tro 2026:<\/p><p>https:\/\/hauts-de-france-terre-de-velos.assoconnect.com\/collect\/description\/659625-r-ch-ti-velo-retro-2026<\/p>\t\t\t\t\t\t\t\t<\/div>\n\t\t\t\t<\/div>\n\t\t\t\t\t<\/div>\n\t\t<\/div>\n\t\t\t\t\t<\/div>\n\t\t<\/section>\n\t\t\t\t<section class=\"elementor-section elementor-top-section elementor-element elementor-element-aea7f01 elementor-section-boxed elementor-section-height-default elementor-section-height-default jltma-glass-effect-no\" data-id=\"aea7f01\" data-element_type=\"section\" data-settings=\"{&quot;_ha_eqh_enable&quot;:false}\">\n\t\t\t\t\t\t<div class=\"elementor-container elementor-column-gap-default\">\n\t\t\t\t\t<div class=\"elementor-column elementor-col-100 elementor-top-column elementor-element elementor-element-82d6473 jltma-glass-effect-no\" data-id=\"82d6473\" data-element_type=\"column\">\n\t\t\t<div class=\"elementor-widget-wrap elementor-element-populated\">\n\t\t\t\t\t\t<div class=\"elementor-element elementor-element-7dae60d jltma-glass-effect-no elementor-widget elementor-widget-image\" data-id=\"7dae60d\" data-element_type=\"widget\" data-widget_type=\"image.default\">\n\t\t\t\t<div class=\"elementor-widget-container\">\n\t\t\t\t\t\t\t\t\t\t\t\t\t\t\t<img fetchpriority=\"high\" decoding=\"async\" width=\"640\" height=\"895\" src=\"https:\/\/hdfterredevelos.fr\/wp-content\/uploads\/2026\/02\/affiche-chti-velo-retro-2026-francais-732x1024.jpg\" class=\"attachment-large size-large wp-image-2964\" alt=\"\" srcset=\"https:\/\/hdfterredevelos.fr\/wp-content\/uploads\/2026\/02\/affiche-chti-velo-retro-2026-francais-732x1024.jpg 732w, https:\/\/hdfterredevelos.fr\/wp-content\/uploads\/2026\/02\/affiche-chti-velo-retro-2026-francais-214x300.jpg 214w, https:\/\/hdfterredevelos.fr\/wp-content\/uploads\/2026\/02\/affiche-chti-velo-retro-2026-francais-768x1074.jpg 768w, https:\/\/hdfterredevelos.fr\/wp-content\/uploads\/2026\/02\/affiche-chti-velo-retro-2026-francais.jpg 915w\" sizes=\"(max-width: 640px) 100vw, 640px\" \/>\t\t\t\t\t\t\t\t\t\t\t\t\t\t\t<\/div>\n\t\t\t\t<\/div>\n\t\t\t\t\t<\/div>\n\t\t<\/div>\n\t\t\t\t\t<\/div>\n\t\t<\/section>\n\t\t\t\t<section class=\"elementor-section elementor-top-section elementor-element elementor-element-bf42766 elementor-section-boxed elementor-section-height-default elementor-section-height-default jltma-glass-effect-no\" data-id=\"bf42766\" data-element_type=\"section\" data-settings=\"{&quot;_ha_eqh_enable&quot;:false}\">\n\t\t\t\t\t\t<div class=\"elementor-container elementor-column-gap-default\">\n\t\t\t\t\t<div class=\"elementor-column elementor-col-100 elementor-top-column elementor-element elementor-element-a10416d jltma-glass-effect-no\" data-id=\"a10416d\" data-element_type=\"column\">\n\t\t\t<div class=\"elementor-widget-wrap elementor-element-populated\">\n\t\t\t\t\t\t<div class=\"elementor-element elementor-element-bace8a6 jltma-glass-effect-no elementor-widget elementor-widget-image\" data-id=\"bace8a6\" data-element_type=\"widget\" data-widget_type=\"image.default\">\n\t\t\t\t<div class=\"elementor-widget-container\">\n\t\t\t\t\t\t\t\t\t\t\t\t\t\t\t<img decoding=\"async\" width=\"640\" height=\"905\" src=\"https:\/\/hdfterredevelos.fr\/wp-content\/uploads\/2026\/03\/communique-Chti-Velo-Retro-724x1024.jpg\" class=\"attachment-large size-large wp-image-2990\" alt=\"\" srcset=\"https:\/\/hdfterredevelos.fr\/wp-content\/uploads\/2026\/03\/communique-Chti-Velo-Retro-724x1024.jpg 724w, https:\/\/hdfterredevelos.fr\/wp-content\/uploads\/2026\/03\/communique-Chti-Velo-Retro-212x300.jpg 212w, https:\/\/hdfterredevelos.fr\/wp-content\/uploads\/2026\/03\/communique-Chti-Velo-Retro-768x1086.jpg 768w, https:\/\/hdfterredevelos.fr\/wp-content\/uploads\/2026\/03\/communique-Chti-Velo-Retro-1086x1536.jpg 1086w, https:\/\/hdfterredevelos.fr\/wp-content\/uploads\/2026\/03\/communique-Chti-Velo-Retro.jpg 1241w\" sizes=\"(max-width: 640px) 100vw, 640px\" \/>\t\t\t\t\t\t\t\t\t\t\t\t\t\t\t<\/div>\n\t\t\t\t<\/div>\n\t\t\t\t\t<\/div>\n\t\t<\/div>\n\t\t\t\t\t<\/div>\n\t\t<\/section>\n\t\t\t\t<\/div>\n\t\t","protected":false},"excerpt":{"rendered":"<p>Notre \u00e9dition 2026 rendra hommage \u00e0 un grand champion r\u00e9gional et national Jean Stablinski.2 parcours seront propos\u00e9s&#8211; 30kms&#8211; 50 kmsSur le 50kms, nous proposerons en option par une d\u00e9viation sp\u00e9cifique quelques pav\u00e9s de Paris Roubaix (Moulin de Vertain, une partie du Carrefour de l&rsquo;Arbre, pav\u00e9 de Gruson).Tous les parcours emprunteront les routes asphalt\u00e9es jusqu&rsquo;\u00e0 Roubaix [&hellip;]<\/p>\n","protected":false},"author":1,"featured_media":0,"parent":0,"menu_order":0,"comment_status":"closed","ping_status":"closed","template":"","meta":{"om_disable_all_campaigns":false,"_monsterinsights_skip_tracking":false,"_monsterinsights_sitenote_active":false,"_monsterinsights_sitenote_note":"","_monsterinsights_sitenote_category":0,"footnotes":""},"class_list":["post-2934","page","type-page","status-publish","hentry"],"aioseo_notices":[],"_links":{"self":[{"href":"https:\/\/hdfterredevelos.fr\/index.php\/wp-json\/wp\/v2\/pages\/2934","targetHints":{"allow":["GET"]}}],"collection":[{"href":"https:\/\/hdfterredevelos.fr\/index.php\/wp-json\/wp\/v2\/pages"}],"about":[{"href":"https:\/\/hdfterredevelos.fr\/index.php\/wp-json\/wp\/v2\/types\/page"}],"author":[{"embeddable":true,"href":"https:\/\/hdfterredevelos.fr\/index.php\/wp-json\/wp\/v2\/users\/1"}],"replies":[{"embeddable":true,"href":"https:\/\/hdfterredevelos.fr\/index.php\/wp-json\/wp\/v2\/comments?post=2934"}],"version-history":[{"count":13,"href":"https:\/\/hdfterredevelos.fr\/index.php\/wp-json\/wp\/v2\/pages\/2934\/revisions"}],"predecessor-version":[{"id":2993,"href":"https:\/\/hdfterredevelos.fr\/index.php\/wp-json\/wp\/v2\/pages\/2934\/revisions\/2993"}],"wp:attachment":[{"href":"https:\/\/hdfterredevelos.fr\/index.php\/wp-json\/wp\/v2\/media?parent=2934"}],"curies":[{"name":"wp","href":"https:\/\/api.w.org\/{rel}","templated":true}]}}