{"id":30,"date":"2023-05-25T12:01:38","date_gmt":"2023-05-25T10:01:38","guid":{"rendered":"http:\/\/hdfterredevelos.fr\/?page_id=30"},"modified":"2025-02-25T15:26:02","modified_gmt":"2025-02-25T14:26:02","slug":"presentation","status":"publish","type":"page","link":"https:\/\/hdfterredevelos.fr\/index.php\/presentation\/","title":{"rendered":"Pr\u00e9sentation"},"content":{"rendered":"<style>.elementor-30 .elementor-element.elementor-element-ffde285 .elementor-heading-title{font-size:57px;}.elementor-30 .elementor-element.elementor-element-63639da{text-align:left;font-family:\"Roboto\", Sans-serif;font-size:44px;font-weight:500;color:#000000;}.elementor-30 .elementor-element.elementor-element-593fc45{columns:1;text-align:left;font-family:\"Roboto\", Sans-serif;font-size:18px;line-height:19px;letter-spacing:0.1px;word-spacing:2px;color:#000000;}.elementor-30 .elementor-element.elementor-element-d633e8d .elementor-swiper-button.elementor-swiper-button-prev, .elementor-30 .elementor-element.elementor-element-d633e8d .elementor-swiper-button.elementor-swiper-button-next{font-size:33px;}.elementor-30 .elementor-element.elementor-element-d633e8d .swiper-pagination-bullet{width:5px;height:5px;}.elementor-30 .elementor-element.elementor-element-d633e8d .swiper-wrapper{display:flex;align-items:center;}<\/style>\t\t<div data-elementor-type=\"wp-page\" data-elementor-id=\"30\" class=\"elementor elementor-30\" data-elementor-settings=\"{&quot;ha_cmc_init_switcher&quot;:&quot;no&quot;}\">\n\t\t\t\t\t\t<section class=\"elementor-section elementor-top-section elementor-element elementor-element-a170e61 elementor-section-boxed elementor-section-height-default elementor-section-height-default jltma-glass-effect-no\" data-id=\"a170e61\" data-element_type=\"section\" data-settings=\"{&quot;_ha_eqh_enable&quot;:false}\">\n\t\t\t\t\t\t<div class=\"elementor-container elementor-column-gap-default\">\n\t\t\t\t\t<div class=\"elementor-column elementor-col-100 elementor-top-column elementor-element elementor-element-a823387 jltma-glass-effect-no\" data-id=\"a823387\" data-element_type=\"column\">\n\t\t\t<div class=\"elementor-widget-wrap elementor-element-populated\">\n\t\t\t\t\t\t<div class=\"elementor-element elementor-element-ffde285 jltma-glass-effect-no elementor-invisible elementor-widget elementor-widget-heading\" data-id=\"ffde285\" data-element_type=\"widget\" data-settings=\"{&quot;_animation&quot;:&quot;fadeInDown&quot;}\" data-widget_type=\"heading.default\">\n\t\t\t\t<div class=\"elementor-widget-container\">\n\t\t\t\t\t<h2 class=\"elementor-heading-title elementor-size-default\">Qui sommes nous ?<\/h2>\t\t\t\t<\/div>\n\t\t\t\t<\/div>\n\t\t\t\t<div class=\"elementor-element elementor-element-63639da jltma-glass-effect-no elementor-invisible elementor-widget elementor-widget-text-editor\" data-id=\"63639da\" data-element_type=\"widget\" data-settings=\"{&quot;_animation&quot;:&quot;fadeInDown&quot;}\" data-widget_type=\"text-editor.default\">\n\t\t\t\t<div class=\"elementor-widget-container\">\n\t\t\t\t\t\t\t\t\t<p><strong>Association \u00ab\u00a0Hauts de France Terre de V\u00e9los\u00a0\u00bb<\/strong><em>Parrain\u00e9e par Laurent Wlodarski, ancien coureur professionnel*<\/em><\/p><p style=\"margin-top: 0px; margin-bottom: 0px; color: #333333; font-family: Helvetica, Arial, Verdana, 'Trebuchet MS', sans-serif; font-size: 14px;\">\u00a0<\/p>\t\t\t\t\t\t\t\t<\/div>\n\t\t\t\t<\/div>\n\t\t\t\t<div class=\"elementor-element elementor-element-593fc45 jltma-glass-effect-no elementor-invisible elementor-widget elementor-widget-text-editor\" data-id=\"593fc45\" data-element_type=\"widget\" data-settings=\"{&quot;_animation&quot;:&quot;fadeInDown&quot;}\" data-widget_type=\"text-editor.default\">\n\t\t\t\t<div class=\"elementor-widget-container\">\n\t\t\t\t\t\t\t\t\t<p><strong>Les Hauts de France sont une grande r\u00e9gion de Cyclisme. <\/strong><\/p><p><strong>Par ses \u00e9preuves, par ses champions, par ses manifestations cyclistes de masse, par ses \u00e9quipes professionnelles.<\/strong><\/p><p><strong>Mais aussi et cela est peut \u00eatre moins mis en valeur par les nombreux constructeurs de Cycles qui ont exist\u00e9 dans la r\u00e9gion <\/strong><strong>(Bertin, Dangre, Delcroix, Leleu, Motob\u00e9cane, Nord France, etc&#8230;.).<\/strong><\/p><p><strong>Aujourd&rsquo;hui les constructeurs dans la r\u00e9gion sont rares mais il en existe encore.<\/strong><\/p><p><strong>Aucun lieu mettant en valeur tout ce patrimoine cycliste r\u00e9gional n&rsquo;existe dans la r\u00e9gion. Cela existe en Belgique, dans d\u2019autres r\u00e9gions de France mais pas dans les Hauts de France.<\/strong><\/p><p><strong>Cette association a pour objet de promouvoir et valoriser le patrimoine industriel (pass\u00e9 et futur) et sportif du v\u00e9lo dans les Hauts de France. Elle a pour but de f\u00e9d\u00e9rer, en un seul lieu, les collectionneurs d&rsquo;objets cyclistes et de v\u00e9los, les amateurs de v\u00e9los anciens ou actuels et l&rsquo;activit\u00e9 industrielle ancienne ou actuelle ou future du v\u00e9lo dans les Hauts de France.<\/strong><\/p><p><strong>L&rsquo;objectif est d&rsquo;ouvrir une \u00ab\u00a0maison du v\u00e9lo\u00a0\u00bb lieu de rencontre et de partage sur le v\u00e9lo dans les Hauts de France<\/strong><\/p><p><strong>* Laurent Wlodarski: coureur n\u00e9 \u00e0 Avion (62) professionnel dans une \u00e9quipe du Nord (C\u00e9dico) sur des v\u00e9los fabriqu\u00e9s dans le Nord (Cycles Leleu)<\/strong><\/p>\t\t\t\t\t\t\t\t<\/div>\n\t\t\t\t<\/div>\n\t\t\t\t<div class=\"elementor-element elementor-element-d633e8d elementor-arrows-position-inside elementor-pagination-position-outside jltma-glass-effect-no elementor-invisible elementor-widget elementor-widget-image-carousel\" data-id=\"d633e8d\" data-element_type=\"widget\" data-settings=\"{&quot;image_spacing_custom&quot;:{&quot;unit&quot;:&quot;px&quot;,&quot;size&quot;:26,&quot;sizes&quot;:[]},&quot;_animation&quot;:&quot;fadeInDown&quot;,&quot;navigation&quot;:&quot;both&quot;,&quot;autoplay&quot;:&quot;yes&quot;,&quot;pause_on_hover&quot;:&quot;yes&quot;,&quot;pause_on_interaction&quot;:&quot;yes&quot;,&quot;autoplay_speed&quot;:5000,&quot;infinite&quot;:&quot;yes&quot;,&quot;speed&quot;:500,&quot;image_spacing_custom_tablet&quot;:{&quot;unit&quot;:&quot;px&quot;,&quot;size&quot;:&quot;&quot;,&quot;sizes&quot;:[]},&quot;image_spacing_custom_mobile&quot;:{&quot;unit&quot;:&quot;px&quot;,&quot;size&quot;:&quot;&quot;,&quot;sizes&quot;:[]}}\" data-widget_type=\"image-carousel.default\">\n\t\t\t\t<div class=\"elementor-widget-container\">\n\t\t\t\t\t\t\t<div class=\"elementor-image-carousel-wrapper swiper\" role=\"region\" aria-roledescription=\"carousel\" aria-label=\"Carrousel d\u2019images\" dir=\"ltr\">\n\t\t\t<div class=\"elementor-image-carousel swiper-wrapper\" aria-live=\"off\">\n\t\t\t\t\t\t\t\t<div class=\"swiper-slide\" role=\"group\" aria-roledescription=\"slide\" aria-label=\"1 sur 6\"><figure class=\"swiper-slide-inner\"><img decoding=\"async\" class=\"swiper-slide-image\" src=\"https:\/\/hdfterredevelos.fr\/wp-content\/uploads\/2023\/05\/340516562_1471177877024776_2137352107965911158_n-768x512.jpg\" alt=\"340516562_1471177877024776_2137352107965911158_n\" \/><\/figure><\/div><div class=\"swiper-slide\" role=\"group\" aria-roledescription=\"slide\" aria-label=\"2 sur 6\"><figure class=\"swiper-slide-inner\"><img decoding=\"async\" class=\"swiper-slide-image\" src=\"https:\/\/hdfterredevelos.fr\/wp-content\/uploads\/2023\/05\/340320237_3387376431578467_276811328167995954_n-768x1157.jpg\" alt=\"340320237_3387376431578467_276811328167995954_n\" \/><\/figure><\/div><div class=\"swiper-slide\" role=\"group\" aria-roledescription=\"slide\" aria-label=\"3 sur 6\"><figure class=\"swiper-slide-inner\"><img decoding=\"async\" class=\"swiper-slide-image\" src=\"https:\/\/hdfterredevelos.fr\/wp-content\/uploads\/2023\/05\/272365434_133032362524397_5854729318005435791_n-768x576.jpg\" alt=\"272365434_133032362524397_5854729318005435791_n\" \/><\/figure><\/div><div class=\"swiper-slide\" role=\"group\" aria-roledescription=\"slide\" aria-label=\"4 sur 6\"><figure class=\"swiper-slide-inner\"><img decoding=\"async\" class=\"swiper-slide-image\" src=\"http:\/\/hdfterredevelos.fr\/wp-content\/uploads\/2023\/05\/255265903_110834574744176_9176083992177207906_n.jpg\" alt=\"\" \/><\/figure><\/div><div class=\"swiper-slide\" role=\"group\" aria-roledescription=\"slide\" aria-label=\"5 sur 6\"><figure class=\"swiper-slide-inner\"><img decoding=\"async\" class=\"swiper-slide-image\" src=\"https:\/\/hdfterredevelos.fr\/wp-content\/uploads\/2023\/05\/336520041_237927168908199_5758095549561781815_n-768x1365.jpg\" alt=\"336520041_237927168908199_5758095549561781815_n\" \/><\/figure><\/div><div class=\"swiper-slide\" role=\"group\" aria-roledescription=\"slide\" aria-label=\"6 sur 6\"><figure class=\"swiper-slide-inner\"><img decoding=\"async\" class=\"swiper-slide-image\" src=\"https:\/\/hdfterredevelos.fr\/wp-content\/uploads\/2023\/05\/340130701_1189363955115870_6478493745008785104_n-768x576.jpg\" alt=\"340130701_1189363955115870_6478493745008785104_n\" \/><\/figure><\/div>\t\t\t<\/div>\n\t\t\t\t\t\t\t\t\t\t\t\t<div class=\"elementor-swiper-button elementor-swiper-button-prev\" role=\"button\" tabindex=\"0\">\n\t\t\t\t\t\t<i aria-hidden=\"true\" class=\"fas fa-arrow-circle-left\"><\/i>\t\t\t\t\t<\/div>\n\t\t\t\t\t<div class=\"elementor-swiper-button elementor-swiper-button-next\" role=\"button\" tabindex=\"0\">\n\t\t\t\t\t\t<i aria-hidden=\"true\" class=\"fas fa-arrow-circle-right\"><\/i>\t\t\t\t\t<\/div>\n\t\t\t\t\n\t\t\t\t\t\t\t\t\t<div class=\"swiper-pagination\"><\/div>\n\t\t\t\t\t\t\t\t\t<\/div>\n\t\t\t\t\t\t<\/div>\n\t\t\t\t<\/div>\n\t\t\t\t\t<\/div>\n\t\t<\/div>\n\t\t\t\t\t<\/div>\n\t\t<\/section>\n\t\t\t\t<section class=\"elementor-section elementor-top-section elementor-element elementor-element-c7fe021 elementor-section-boxed elementor-section-height-default elementor-section-height-default jltma-glass-effect-no\" data-id=\"c7fe021\" data-element_type=\"section\" data-settings=\"{&quot;_ha_eqh_enable&quot;:false}\">\n\t\t\t\t\t\t<div class=\"elementor-container elementor-column-gap-default\">\n\t\t\t\t\t<div class=\"elementor-column elementor-col-100 elementor-top-column elementor-element elementor-element-181523a jltma-glass-effect-no\" data-id=\"181523a\" data-element_type=\"column\">\n\t\t\t<div class=\"elementor-widget-wrap\">\n\t\t\t\t\t\t\t<\/div>\n\t\t<\/div>\n\t\t\t\t\t<\/div>\n\t\t<\/section>\n\t\t\t\t<\/div>\n\t\t","protected":false},"excerpt":{"rendered":"<p>Qui sommes nous ? Association \u00ab\u00a0Hauts de France Terre de V\u00e9los\u00a0\u00bbParrain\u00e9e par Laurent Wlodarski, ancien coureur professionnel* \u00a0 Les Hauts de France sont une grande r\u00e9gion de Cyclisme. Par ses \u00e9preuves, par ses champions, par ses manifestations cyclistes de masse, par ses \u00e9quipes professionnelles. Mais aussi et cela est peut \u00eatre moins mis en valeur [&hellip;]<\/p>\n","protected":false},"author":1,"featured_media":0,"parent":0,"menu_order":0,"comment_status":"closed","ping_status":"closed","template":"","meta":{"om_disable_all_campaigns":false,"_monsterinsights_skip_tracking":false,"_monsterinsights_sitenote_active":false,"_monsterinsights_sitenote_note":"","_monsterinsights_sitenote_category":0,"footnotes":""},"class_list":["post-30","page","type-page","status-publish","hentry"],"aioseo_notices":[],"_links":{"self":[{"href":"https:\/\/hdfterredevelos.fr\/index.php\/wp-json\/wp\/v2\/pages\/30","targetHints":{"allow":["GET"]}}],"collection":[{"href":"https:\/\/hdfterredevelos.fr\/index.php\/wp-json\/wp\/v2\/pages"}],"about":[{"href":"https:\/\/hdfterredevelos.fr\/index.php\/wp-json\/wp\/v2\/types\/page"}],"author":[{"embeddable":true,"href":"https:\/\/hdfterredevelos.fr\/index.php\/wp-json\/wp\/v2\/users\/1"}],"replies":[{"embeddable":true,"href":"https:\/\/hdfterredevelos.fr\/index.php\/wp-json\/wp\/v2\/comments?post=30"}],"version-history":[{"count":36,"href":"https:\/\/hdfterredevelos.fr\/index.php\/wp-json\/wp\/v2\/pages\/30\/revisions"}],"predecessor-version":[{"id":2319,"href":"https:\/\/hdfterredevelos.fr\/index.php\/wp-json\/wp\/v2\/pages\/30\/revisions\/2319"}],"wp:attachment":[{"href":"https:\/\/hdfterredevelos.fr\/index.php\/wp-json\/wp\/v2\/media?parent=30"}],"curies":[{"name":"wp","href":"https:\/\/api.w.org\/{rel}","templated":true}]}}