{"id":31,"date":"2023-05-25T12:01:38","date_gmt":"2023-05-25T10:01:38","guid":{"rendered":"http:\/\/hdfterredevelos.fr\/?page_id=31"},"modified":"2023-06-27T08:34:36","modified_gmt":"2023-06-27T06:34:36","slug":"maison-du-velo","status":"publish","type":"page","link":"https:\/\/hdfterredevelos.fr\/index.php\/maison-du-velo\/","title":{"rendered":"Maison du v\u00e9lo"},"content":{"rendered":"<style>.elementor-31 .elementor-element.elementor-element-e4d0cff{color:#000000;}<\/style>\t\t<div data-elementor-type=\"wp-page\" data-elementor-id=\"31\" class=\"elementor elementor-31\" data-elementor-settings=\"{&quot;ha_cmc_init_switcher&quot;:&quot;no&quot;}\">\n\t\t\t\t\t\t<section class=\"elementor-section elementor-top-section elementor-element elementor-element-bb13420 elementor-section-boxed elementor-section-height-default elementor-section-height-default jltma-glass-effect-no\" data-id=\"bb13420\" data-element_type=\"section\" data-settings=\"{&quot;_ha_eqh_enable&quot;:false}\">\n\t\t\t\t\t\t<div class=\"elementor-container elementor-column-gap-default\">\n\t\t\t\t\t<div class=\"elementor-column elementor-col-100 elementor-top-column elementor-element elementor-element-1cbeed1 jltma-glass-effect-no\" data-id=\"1cbeed1\" data-element_type=\"column\">\n\t\t\t<div class=\"elementor-widget-wrap elementor-element-populated\">\n\t\t\t\t\t\t<div class=\"elementor-element elementor-element-e4d0cff jltma-glass-effect-no elementor-invisible elementor-widget elementor-widget-text-editor\" data-id=\"e4d0cff\" data-element_type=\"widget\" data-settings=\"{&quot;_animation&quot;:&quot;fadeInDown&quot;}\" data-widget_type=\"text-editor.default\">\n\t\t\t\t<div class=\"elementor-widget-container\">\n\t\t\t\t\t\t\t\t\t<p>L&rsquo;ambition de l&rsquo;association est de cr\u00e9\u00e9r une maison du V\u00e9lo qui serait un lieu qui permettrait de montrer:<\/p><p>&#8211; le patrimoine Industriel des constructeurs d&rsquo;hier (V\u00e9los- Documents-Catalogues- Affiches&#8230;)<\/p><p>&#8211; le patrimoine Industriel des constructeurs d&rsquo;aujourd&rsquo;hui et de demain (v\u00e9los- projets&#8230;)<\/p><p>&#8211; Les \u00e9quipementiers r\u00e9gionaux<\/p><p>&#8211; les lieux mythiques<\/p><p>&#8211; Les Clubs de la R\u00e9gion- Leurs maillots<\/p><p>&#8211; Les sponsors r\u00e9gionaux<\/p><p>&#8211; Les Champions de la r\u00e9gion Amateurs et Professionnels<\/p><p>&#8211; Les \u00e9quipes Pro r\u00e9gionales (pass\u00e9es et actuelles)<\/p><p>&#8211; Les Epreuves Grand Public (Lille-Hardelot, Chti Bike&#8230;)<\/p><p>&#8211; Les grandes \u00e9preuves de la R\u00e9gion (Paris Roubaix, Gd Prix Lillers, 4 jours de Dunkerque, GP Fourmies, GP Denain, GP Isbergues&#8230;..)<\/p><p>&#8211; une Salle de projection de vid\u00e9os; documentaires- lieu de partage et forums de discussions, biblioth\u00e9que de livres sur le cyclisme dans la r\u00e9gion<\/p><p>&#8211; un lieu de partage sur le v\u00e9lo actuel, la mobilit\u00e9 douce, le d\u00e9veloppement des pistes et voies cyclables dans la r\u00e9gion<\/p>\t\t\t\t\t\t\t\t<\/div>\n\t\t\t\t<\/div>\n\t\t\t\t\t<\/div>\n\t\t<\/div>\n\t\t\t\t\t<\/div>\n\t\t<\/section>\n\t\t\t\t<\/div>\n\t\t","protected":false},"excerpt":{"rendered":"<p>L&rsquo;ambition de l&rsquo;association est de cr\u00e9\u00e9r une maison du V\u00e9lo qui serait un lieu qui permettrait de montrer: &#8211; le patrimoine Industriel des constructeurs d&rsquo;hier (V\u00e9los- Documents-Catalogues- Affiches&#8230;) &#8211; le patrimoine Industriel des constructeurs d&rsquo;aujourd&rsquo;hui et de demain (v\u00e9los- projets&#8230;) &#8211; Les \u00e9quipementiers r\u00e9gionaux &#8211; les lieux mythiques &#8211; Les Clubs de la R\u00e9gion- Leurs [&hellip;]<\/p>\n","protected":false},"author":1,"featured_media":0,"parent":0,"menu_order":0,"comment_status":"closed","ping_status":"closed","template":"","meta":{"om_disable_all_campaigns":false,"_monsterinsights_skip_tracking":false,"_monsterinsights_sitenote_active":false,"_monsterinsights_sitenote_note":"","_monsterinsights_sitenote_category":0,"footnotes":""},"class_list":["post-31","page","type-page","status-publish","hentry"],"aioseo_notices":[],"_links":{"self":[{"href":"https:\/\/hdfterredevelos.fr\/index.php\/wp-json\/wp\/v2\/pages\/31","targetHints":{"allow":["GET"]}}],"collection":[{"href":"https:\/\/hdfterredevelos.fr\/index.php\/wp-json\/wp\/v2\/pages"}],"about":[{"href":"https:\/\/hdfterredevelos.fr\/index.php\/wp-json\/wp\/v2\/types\/page"}],"author":[{"embeddable":true,"href":"https:\/\/hdfterredevelos.fr\/index.php\/wp-json\/wp\/v2\/users\/1"}],"replies":[{"embeddable":true,"href":"https:\/\/hdfterredevelos.fr\/index.php\/wp-json\/wp\/v2\/comments?post=31"}],"version-history":[{"count":13,"href":"https:\/\/hdfterredevelos.fr\/index.php\/wp-json\/wp\/v2\/pages\/31\/revisions"}],"predecessor-version":[{"id":1546,"href":"https:\/\/hdfterredevelos.fr\/index.php\/wp-json\/wp\/v2\/pages\/31\/revisions\/1546"}],"wp:attachment":[{"href":"https:\/\/hdfterredevelos.fr\/index.php\/wp-json\/wp\/v2\/media?parent=31"}],"curies":[{"name":"wp","href":"https:\/\/api.w.org\/{rel}","templated":true}]}}