{"id":33,"date":"2023-05-25T12:01:38","date_gmt":"2023-05-25T10:01:38","guid":{"rendered":"http:\/\/hdfterredevelos.fr\/?page_id=33"},"modified":"2025-10-07T17:51:01","modified_gmt":"2025-10-07T15:51:01","slug":"le-bureau","status":"publish","type":"page","link":"https:\/\/hdfterredevelos.fr\/index.php\/le-bureau\/","title":{"rendered":"Le Bureau"},"content":{"rendered":"<style>.elementor-33 .elementor-element.elementor-element-8d59a99{font-family:var( --e-global-typography-primary-font-family ), Sans-serif;font-weight:var( --e-global-typography-primary-font-weight );line-height:var( --e-global-typography-primary-line-height );}@media(max-width:1024px){.elementor-33 .elementor-element.elementor-element-8d59a99{line-height:var( --e-global-typography-primary-line-height );}}@media(max-width:767px){.elementor-33 .elementor-element.elementor-element-8d59a99{line-height:var( --e-global-typography-primary-line-height );}}<\/style>\t\t<div data-elementor-type=\"wp-page\" data-elementor-id=\"33\" class=\"elementor elementor-33\" data-elementor-settings=\"{&quot;ha_cmc_init_switcher&quot;:&quot;no&quot;}\">\n\t\t\t\t\t\t<section class=\"elementor-section elementor-top-section elementor-element elementor-element-28272ab elementor-section-boxed elementor-section-height-default elementor-section-height-default jltma-glass-effect-no\" data-id=\"28272ab\" data-element_type=\"section\" data-settings=\"{&quot;_ha_eqh_enable&quot;:false}\">\n\t\t\t\t\t\t<div class=\"elementor-container elementor-column-gap-default\">\n\t\t\t\t\t<div class=\"elementor-column elementor-col-100 elementor-top-column elementor-element elementor-element-3fab602 jltma-glass-effect-no\" data-id=\"3fab602\" data-element_type=\"column\">\n\t\t\t<div class=\"elementor-widget-wrap elementor-element-populated\">\n\t\t\t\t\t\t<div class=\"elementor-element elementor-element-8d59a99 jltma-glass-effect-no elementor-invisible elementor-widget elementor-widget-text-editor\" data-id=\"8d59a99\" data-element_type=\"widget\" data-settings=\"{&quot;_animation&quot;:&quot;fadeInDown&quot;}\" data-widget_type=\"text-editor.default\">\n\t\t\t\t<div class=\"elementor-widget-container\">\n\t\t\t\t\t\t\t\t\t<p style=\"color: #000000; font-family: 'Roboto'; font-size: medium;\">Composition du bureau de l&rsquo;association Hauts de France Terre de V\u00e9los<\/p>\n<p style=\"color: #000000; font-family: 'Roboto'; font-size: medium;\">Pr\u00e9sident: Christian Leleu<\/p>\n<p style=\"color: #000000; font-family: 'Roboto'; font-size: medium;\">Secr\u00e9taire: Laurent Somm\u00e9<\/p>\n<p style=\"color: #000000; font-family: 'Roboto'; font-size: medium;\">Tr\u00e9sorier: Frederic Leclerc<\/p>\n<p style=\"color: #000000; font-family: 'Roboto'; font-size: medium;\">Secr\u00e9taire adjointe: Aline Leleu<\/p>\n<p style=\"color: #000000; font-family: 'Roboto'; font-size: medium;\"><br><\/p>\t\t\t\t\t\t\t\t<\/div>\n\t\t\t\t<\/div>\n\t\t\t\t\t<\/div>\n\t\t<\/div>\n\t\t\t\t\t<\/div>\n\t\t<\/section>\n\t\t\t\t<\/div>\n\t\t","protected":false},"excerpt":{"rendered":"<p>Composition du bureau de l&rsquo;association Hauts de France Terre de V\u00e9los Pr\u00e9sident: Christian Leleu Secr\u00e9taire: Laurent Somm\u00e9 Tr\u00e9sorier: Frederic Leclerc Secr\u00e9taire adjointe: Aline Leleu<\/p>\n","protected":false},"author":1,"featured_media":0,"parent":0,"menu_order":0,"comment_status":"closed","ping_status":"closed","template":"","meta":{"om_disable_all_campaigns":false,"_monsterinsights_skip_tracking":false,"_monsterinsights_sitenote_active":false,"_monsterinsights_sitenote_note":"","_monsterinsights_sitenote_category":0,"footnotes":""},"class_list":["post-33","page","type-page","status-publish","hentry"],"aioseo_notices":[],"_links":{"self":[{"href":"https:\/\/hdfterredevelos.fr\/index.php\/wp-json\/wp\/v2\/pages\/33","targetHints":{"allow":["GET"]}}],"collection":[{"href":"https:\/\/hdfterredevelos.fr\/index.php\/wp-json\/wp\/v2\/pages"}],"about":[{"href":"https:\/\/hdfterredevelos.fr\/index.php\/wp-json\/wp\/v2\/types\/page"}],"author":[{"embeddable":true,"href":"https:\/\/hdfterredevelos.fr\/index.php\/wp-json\/wp\/v2\/users\/1"}],"replies":[{"embeddable":true,"href":"https:\/\/hdfterredevelos.fr\/index.php\/wp-json\/wp\/v2\/comments?post=33"}],"version-history":[{"count":10,"href":"https:\/\/hdfterredevelos.fr\/index.php\/wp-json\/wp\/v2\/pages\/33\/revisions"}],"predecessor-version":[{"id":2657,"href":"https:\/\/hdfterredevelos.fr\/index.php\/wp-json\/wp\/v2\/pages\/33\/revisions\/2657"}],"wp:attachment":[{"href":"https:\/\/hdfterredevelos.fr\/index.php\/wp-json\/wp\/v2\/media?parent=33"}],"curies":[{"name":"wp","href":"https:\/\/api.w.org\/{rel}","templated":true}]}}